{"id":289,"date":"2021-08-10T11:33:23","date_gmt":"2021-08-10T14:33:23","guid":{"rendered":"https:\/\/oreons.com\/?page_id=289"},"modified":"2021-10-21T17:15:53","modified_gmt":"2021-10-21T20:15:53","slug":"tecnologia","status":"publish","type":"page","link":"https:\/\/oreons.com\/fr\/tecnologia\/","title":{"rendered":"La technologie"},"content":{"rendered":"<div data-elementor-type=\"wp-page\" data-elementor-id=\"289\" class=\"elementor elementor-289\" data-elementor-post-type=\"page\">\n\t\t\t\t\t\t<section class=\"elementor-section elementor-top-section elementor-element elementor-element-1f0d876 elementor-section-height-full elementor-section-boxed elementor-section-height-default elementor-section-items-middle elementor-invisible\" data-id=\"1f0d876\" data-element_type=\"section\" id=\"intro\" data-settings=\"{&quot;background_background&quot;:&quot;video&quot;,&quot;animation&quot;:&quot;fadeIn&quot;,&quot;background_video_link&quot;:&quot;https:\\\/\\\/oreons.com\\\/wp-content\\\/uploads\\\/2021\\\/09\\\/video-1-1-1.mp4&quot;,&quot;background_video_start&quot;:0,&quot;background_video_end&quot;:100}\">\n\t\t\t\t\t\t\t\t<div class=\"elementor-background-video-container elementor-hidden-phone\">\n\t\t\t\t\t\t\t\t\t\t\t\t\t<video class=\"elementor-background-video-hosted elementor-html5-video\" autoplay muted playsinline loop><\/video>\n\t\t\t\t\t\t\t\t\t\t\t<\/div>\n\t\t\t\t\t\t\t\t\t<div class=\"elementor-background-overlay\"><\/div>\n\t\t\t\t\t\t\t<div class=\"elementor-container elementor-column-gap-default\">\n\t\t\t\t\t<div class=\"elementor-column elementor-col-50 elementor-top-column elementor-element elementor-element-c3c3877\" data-id=\"c3c3877\" data-element_type=\"column\">\n\t\t\t<div class=\"elementor-widget-wrap elementor-element-populated\">\n\t\t\t\t\t\t<div class=\"elementor-element elementor-element-0f19e9a elementor-widget elementor-widget-heading\" data-id=\"0f19e9a\" data-element_type=\"widget\" data-widget_type=\"heading.default\">\n\t\t\t\t<div class=\"elementor-widget-container\">\n\t\t\t<h2 class=\"elementor-heading-title elementor-size-default\">La technologie au service des entreprises<br class=\"desktop\"> Croissance exponentielle dans le secteur de<br class=\"desktop\">Transport, tourisme et logistique.<\/h2>\t\t<\/div>\n\t\t\t\t<\/div>\n\t\t\t\t<div class=\"elementor-element elementor-element-f7d6ca7 elementor-mobile-align-left elementor-invisible elementor-widget elementor-widget-button\" data-id=\"f7d6ca7\" data-element_type=\"widget\" data-settings=\"{&quot;_animation&quot;:&quot;fadeInDown&quot;}\" data-widget_type=\"button.default\">\n\t\t\t\t<div class=\"elementor-widget-container\">\n\t\t\t\t\t<div class=\"elementor-button-wrapper\">\n\t\t\t<a class=\"elementor-button elementor-button-link elementor-size-sm\" href=\"#utilize\">\n\t\t\t\t\t\t<span class=\"elementor-button-content-wrapper\">\n\t\t\t\t\t\t\t\t\t<span class=\"elementor-button-text\">Utilisez les meilleures solutions pour votre entreprise.<\/span>\n\t\t\t\t\t<\/span>\n\t\t\t\t\t<\/a>\n\t\t<\/div>\n\t\t\t\t<\/div>\n\t\t\t\t<\/div>\n\t\t\t\t\t<\/div>\n\t\t<\/div>\n\t\t\t\t<div class=\"elementor-column elementor-col-50 elementor-top-column elementor-element elementor-element-76b9611\" data-id=\"76b9611\" data-element_type=\"column\">\n\t\t\t<div class=\"elementor-widget-wrap\">\n\t\t\t\t\t\t\t<\/div>\n\t\t<\/div>\n\t\t\t\t\t<\/div>\n\t\t<\/section>\n\t\t\t\t<section class=\"elementor-section elementor-top-section elementor-element elementor-element-11eba37 elementor-section-boxed elementor-section-height-default elementor-section-height-default\" data-id=\"11eba37\" data-element_type=\"section\">\n\t\t\t\t\t\t<div class=\"elementor-container elementor-column-gap-default\">\n\t\t\t\t\t<div class=\"elementor-column elementor-col-100 elementor-top-column elementor-element elementor-element-4af180c\" data-id=\"4af180c\" data-element_type=\"column\">\n\t\t\t<div class=\"elementor-widget-wrap elementor-element-populated\">\n\t\t\t\t\t\t<div class=\"elementor-element elementor-element-f772d95 elementor-widget elementor-widget-heading\" data-id=\"f772d95\" data-element_type=\"widget\" id=\"utilize\" data-widget_type=\"heading.default\">\n\t\t\t\t<div class=\"elementor-widget-container\">\n\t\t\t<h2 class=\"elementor-heading-title elementor-size-default\"><span style=\"color: #242729\">Utiliser la technologie pour<\/span> Augmentation des revenus, <br class=\"desktop\"> <span style=\"color: #242729\">R\u00e9duction des co\u00fbts et<\/span>\n\u00e9volutivit\u00e9<\/h2>\t\t<\/div>\n\t\t\t\t<\/div>\n\t\t\t\t<div class=\"elementor-element elementor-element-640c3fa elementor-widget elementor-widget-text-editor\" data-id=\"640c3fa\" data-element_type=\"widget\" data-widget_type=\"text-editor.default\">\n\t\t\t\t<div class=\"elementor-widget-container\">\n\t\t\t\t\t\t\t<p>Compter sur <strong>Oregon IT\u00a0<\/strong> pour choisir la meilleure strat\u00e9gie d&#039;utilisation de la technologie au b\u00e9n\u00e9fice de votre entreprise.\u00a0<\/p>\t\t\t\t\t\t<\/div>\n\t\t\t\t<\/div>\n\t\t\t\t\t<\/div>\n\t\t<\/div>\n\t\t\t\t\t<\/div>\n\t\t<\/section>\n\t\t\t\t<section class=\"elementor-section elementor-top-section elementor-element elementor-element-620c7a8 elementor-section-boxed elementor-section-height-default elementor-section-height-default\" data-id=\"620c7a8\" data-element_type=\"section\">\n\t\t\t\t\t\t<div class=\"elementor-container elementor-column-gap-default\">\n\t\t\t\t\t<div class=\"elementor-column elementor-col-100 elementor-top-column elementor-element elementor-element-007c326\" data-id=\"007c326\" data-element_type=\"column\">\n\t\t\t<div class=\"elementor-widget-wrap elementor-element-populated\">\n\t\t\t\t\t\t<div class=\"elementor-element elementor-element-4b35f25 elementor-widget elementor-widget-heading\" data-id=\"4b35f25\" data-element_type=\"widget\" data-widget_type=\"heading.default\">\n\t\t\t\t<div class=\"elementor-widget-container\">\n\t\t\t<h1 class=\"elementor-heading-title elementor-size-default\">Concepts<\/h1>\t\t<\/div>\n\t\t\t\t<\/div>\n\t\t\t\t\t<\/div>\n\t\t<\/div>\n\t\t\t\t\t<\/div>\n\t\t<\/section>\n\t\t\t\t<section class=\"elementor-section elementor-top-section elementor-element elementor-element-193014f elementor-section-boxed elementor-section-height-default elementor-section-height-default\" data-id=\"193014f\" data-element_type=\"section\">\n\t\t\t\t\t\t<div class=\"elementor-container elementor-column-gap-default\">\n\t\t\t\t\t<div class=\"elementor-column elementor-col-50 elementor-top-column elementor-element elementor-element-56abffb\" data-id=\"56abffb\" data-element_type=\"column\">\n\t\t\t<div class=\"elementor-widget-wrap elementor-element-populated\">\n\t\t\t\t\t\t<div class=\"elementor-element elementor-element-738f847 elementor-widget elementor-widget-image\" data-id=\"738f847\" data-element_type=\"widget\" data-widget_type=\"image.default\">\n\t\t\t\t<div class=\"elementor-widget-container\">\n\t\t\t\t\t\t\t\t\t\t\t\t\t<img fetchpriority=\"high\" decoding=\"async\" width=\"800\" height=\"681\" src=\"https:\/\/oreons.com\/wp-content\/uploads\/2021\/08\/undraw_Terms_re_6ak4.png\" class=\"attachment-large size-large wp-image-661\" alt=\"\" srcset=\"https:\/\/oreons.com\/wp-content\/uploads\/2021\/08\/undraw_Terms_re_6ak4.png 874w, https:\/\/oreons.com\/wp-content\/uploads\/2021\/08\/undraw_Terms_re_6ak4-300x255.png 300w, https:\/\/oreons.com\/wp-content\/uploads\/2021\/08\/undraw_Terms_re_6ak4-768x654.png 768w\" sizes=\"(max-width: 800px) 100vw, 800px\" \/>\t\t\t\t\t\t\t\t\t\t\t\t\t<\/div>\n\t\t\t\t<\/div>\n\t\t\t\t\t<\/div>\n\t\t<\/div>\n\t\t\t\t<div class=\"elementor-column elementor-col-50 elementor-top-column elementor-element elementor-element-4dd002d\" data-id=\"4dd002d\" data-element_type=\"column\">\n\t\t\t<div class=\"elementor-widget-wrap elementor-element-populated\">\n\t\t\t\t\t\t<div class=\"elementor-element elementor-element-ccb65fe elementor-widget elementor-widget-heading\" data-id=\"ccb65fe\" data-element_type=\"widget\" data-widget_type=\"heading.default\">\n\t\t\t\t<div class=\"elementor-widget-container\">\n\t\t\t<h3 class=\"elementor-heading-title elementor-size-default\">SaaS \u2013 Logiciel en tant que service\u00a0:\n<\/h3>\t\t<\/div>\n\t\t\t\t<\/div>\n\t\t\t\t<div class=\"elementor-element elementor-element-d5d196a elementor-widget elementor-widget-text-editor\" data-id=\"d5d196a\" data-element_type=\"widget\" data-widget_type=\"text-editor.default\">\n\t\t\t\t<div class=\"elementor-widget-container\">\n\t\t\t\t\t\t\t<p>Il s&#039;agit d&#039;un mod\u00e8le o\u00f9 l&#039;acquisition et\/ou l&#039;utilisation du logiciel ne sont pas li\u00e9es \u00e0 l&#039;achat de licences ; autrement dit, vous utilisez le logiciel et vous payez pour son utilisation. <br \/>C&#039;est un mod\u00e8le flexible qui vous permet de ma\u00eetriser vos besoins et de ne payer que pour ce que vous consommez pendant une p\u00e9riode donn\u00e9e ou dans une situation particuli\u00e8re. En bref, vous payez pour le service, pas pour le produit.<\/p>\t\t\t\t\t\t<\/div>\n\t\t\t\t<\/div>\n\t\t\t\t<div class=\"elementor-element elementor-element-aee7683 elementor-widget__width-auto elementor-widget elementor-widget-button\" data-id=\"aee7683\" data-element_type=\"widget\" data-widget_type=\"button.default\">\n\t\t\t\t<div class=\"elementor-widget-container\">\n\t\t\t\t\t<div class=\"elementor-button-wrapper\">\n\t\t\t<a class=\"elementor-button elementor-button-link elementor-size-sm\" href=\"#elementor-action%3Aaction%3Dpopup%3Aopen%26settings%3DeyJpZCI6IjgxMyIsInRvZ2dsZSI6ZmFsc2V9\">\n\t\t\t\t\t\t<span class=\"elementor-button-content-wrapper\">\n\t\t\t\t\t\t\t\t\t<span class=\"elementor-button-text\">Recevoir une proposition<\/span>\n\t\t\t\t\t<\/span>\n\t\t\t\t\t<\/a>\n\t\t<\/div>\n\t\t\t\t<\/div>\n\t\t\t\t<\/div>\n\t\t\t\t\t<\/div>\n\t\t<\/div>\n\t\t\t\t\t<\/div>\n\t\t<\/section>\n\t\t\t\t<section class=\"elementor-section elementor-top-section elementor-element elementor-element-3a6df46 elementor-reverse-mobile elementor-section-boxed elementor-section-height-default elementor-section-height-default\" data-id=\"3a6df46\" data-element_type=\"section\">\n\t\t\t\t\t\t<div class=\"elementor-container elementor-column-gap-default\">\n\t\t\t\t\t<div class=\"elementor-column elementor-col-50 elementor-top-column elementor-element elementor-element-2028ab8\" data-id=\"2028ab8\" data-element_type=\"column\">\n\t\t\t<div class=\"elementor-widget-wrap elementor-element-populated\">\n\t\t\t\t\t\t<div class=\"elementor-element elementor-element-8726708 elementor-widget elementor-widget-heading\" data-id=\"8726708\" data-element_type=\"widget\" data-widget_type=\"heading.default\">\n\t\t\t\t<div class=\"elementor-widget-container\">\n\t\t\t<h3 class=\"elementor-heading-title elementor-size-default\">IaaS \u2013 Infrastructure en tant que service\u00a0:\n<\/h3>\t\t<\/div>\n\t\t\t\t<\/div>\n\t\t\t\t<div class=\"elementor-element elementor-element-2a470e8 elementor-widget elementor-widget-text-editor\" data-id=\"2a470e8\" data-element_type=\"widget\" data-widget_type=\"text-editor.default\">\n\t\t\t\t<div class=\"elementor-widget-container\">\n\t\t\t\t\t\t\t<p>Dans ce mod\u00e8le, vous louez votre infrastructure en tant que service, ce qui pr\u00e9sente un avantage consid\u00e9rable par rapport au mod\u00e8le traditionnel\u00a0: vous louez des serveurs virtuels (et autres \u00e9quipements d\u2019infrastructure) au lieu d\u2019acheter des serveurs, des routeurs, des racks et autres mat\u00e9riels physiques. La facturation est bas\u00e9e sur plusieurs facteurs, tels que le nombre de serveurs virtuels, le volume de donn\u00e9es transf\u00e9r\u00e9es, les donn\u00e9es stock\u00e9es et d\u2019autres \u00e9l\u00e9ments.<br \/><br \/><\/p>\t\t\t\t\t\t<\/div>\n\t\t\t\t<\/div>\n\t\t\t\t<div class=\"elementor-element elementor-element-11890c0 elementor-widget__width-auto elementor-widget elementor-widget-button\" data-id=\"11890c0\" data-element_type=\"widget\" data-widget_type=\"button.default\">\n\t\t\t\t<div class=\"elementor-widget-container\">\n\t\t\t\t\t<div class=\"elementor-button-wrapper\">\n\t\t\t<a class=\"elementor-button elementor-button-link elementor-size-sm\" href=\"#elementor-action%3Aaction%3Dpopup%3Aopen%26settings%3DeyJpZCI6IjgxMyIsInRvZ2dsZSI6ZmFsc2V9\">\n\t\t\t\t\t\t<span class=\"elementor-button-content-wrapper\">\n\t\t\t\t\t\t\t\t\t<span class=\"elementor-button-text\">Recevoir une proposition<\/span>\n\t\t\t\t\t<\/span>\n\t\t\t\t\t<\/a>\n\t\t<\/div>\n\t\t\t\t<\/div>\n\t\t\t\t<\/div>\n\t\t\t\t\t<\/div>\n\t\t<\/div>\n\t\t\t\t<div class=\"elementor-column elementor-col-50 elementor-top-column elementor-element elementor-element-ec7389c\" data-id=\"ec7389c\" data-element_type=\"column\">\n\t\t\t<div class=\"elementor-widget-wrap elementor-element-populated\">\n\t\t\t\t\t\t<div class=\"elementor-element elementor-element-2e49fc6 elementor-widget elementor-widget-image\" data-id=\"2e49fc6\" data-element_type=\"widget\" data-widget_type=\"image.default\">\n\t\t\t\t<div class=\"elementor-widget-container\">\n\t\t\t\t\t\t\t\t\t\t\t\t\t<img decoding=\"async\" width=\"800\" height=\"591\" src=\"https:\/\/oreons.com\/wp-content\/uploads\/2021\/08\/undraw_Cloud_docs_re_xjht-1024x757.png\" class=\"attachment-large size-large wp-image-662\" alt=\"\" srcset=\"https:\/\/oreons.com\/wp-content\/uploads\/2021\/08\/undraw_Cloud_docs_re_xjht-1024x757.png 1024w, https:\/\/oreons.com\/wp-content\/uploads\/2021\/08\/undraw_Cloud_docs_re_xjht-300x222.png 300w, https:\/\/oreons.com\/wp-content\/uploads\/2021\/08\/undraw_Cloud_docs_re_xjht-768x568.png 768w, https:\/\/oreons.com\/wp-content\/uploads\/2021\/08\/undraw_Cloud_docs_re_xjht.png 1094w\" sizes=\"(max-width: 800px) 100vw, 800px\" \/>\t\t\t\t\t\t\t\t\t\t\t\t\t<\/div>\n\t\t\t\t<\/div>\n\t\t\t\t\t<\/div>\n\t\t<\/div>\n\t\t\t\t\t<\/div>\n\t\t<\/section>\n\t\t\t\t<section class=\"elementor-section elementor-top-section elementor-element elementor-element-28ab79f elementor-section-boxed elementor-section-height-default elementor-section-height-default\" data-id=\"28ab79f\" data-element_type=\"section\">\n\t\t\t\t\t\t<div class=\"elementor-container elementor-column-gap-default\">\n\t\t\t\t\t<div class=\"elementor-column elementor-col-50 elementor-top-column elementor-element elementor-element-d59effb\" data-id=\"d59effb\" data-element_type=\"column\">\n\t\t\t<div class=\"elementor-widget-wrap elementor-element-populated\">\n\t\t\t\t\t\t<div class=\"elementor-element elementor-element-5d13874 elementor-widget elementor-widget-image\" data-id=\"5d13874\" data-element_type=\"widget\" data-widget_type=\"image.default\">\n\t\t\t\t<div class=\"elementor-widget-container\">\n\t\t\t\t\t\t\t\t\t\t\t\t\t<img decoding=\"async\" width=\"800\" height=\"402\" src=\"https:\/\/oreons.com\/wp-content\/uploads\/2021\/08\/undraw_Artificial_intelligence_re_enpp-1024x514.png\" class=\"attachment-large size-large wp-image-663\" alt=\"\" srcset=\"https:\/\/oreons.com\/wp-content\/uploads\/2021\/08\/undraw_Artificial_intelligence_re_enpp-1024x514.png 1024w, https:\/\/oreons.com\/wp-content\/uploads\/2021\/08\/undraw_Artificial_intelligence_re_enpp-300x151.png 300w, https:\/\/oreons.com\/wp-content\/uploads\/2021\/08\/undraw_Artificial_intelligence_re_enpp-768x385.png 768w, https:\/\/oreons.com\/wp-content\/uploads\/2021\/08\/undraw_Artificial_intelligence_re_enpp.png 1088w\" sizes=\"(max-width: 800px) 100vw, 800px\" \/>\t\t\t\t\t\t\t\t\t\t\t\t\t<\/div>\n\t\t\t\t<\/div>\n\t\t\t\t\t<\/div>\n\t\t<\/div>\n\t\t\t\t<div class=\"elementor-column elementor-col-50 elementor-top-column elementor-element elementor-element-3e00436\" data-id=\"3e00436\" data-element_type=\"column\">\n\t\t\t<div class=\"elementor-widget-wrap elementor-element-populated\">\n\t\t\t\t\t\t<div class=\"elementor-element elementor-element-c276161 elementor-widget elementor-widget-heading\" data-id=\"c276161\" data-element_type=\"widget\" data-widget_type=\"heading.default\">\n\t\t\t\t<div class=\"elementor-widget-container\">\n\t\t\t<h3 class=\"elementor-heading-title elementor-size-default\">PaaS \u2013 Plateforme en tant que service\u00a0:\n<\/h3>\t\t<\/div>\n\t\t\t\t<\/div>\n\t\t\t\t<div class=\"elementor-element elementor-element-e1e789e elementor-widget elementor-widget-text-editor\" data-id=\"e1e789e\" data-element_type=\"widget\" data-widget_type=\"text-editor.default\">\n\t\t\t\t<div class=\"elementor-widget-container\">\n\t\t\t\t\t\t\t<p>Nous avons ici un mod\u00e8le interm\u00e9diaire entre le SaaS et l&#039;IaaS, offrant une plateforme plus robuste et flexible pour l&#039;utilisation de nombreuses ressources technologiques. Il permet une utilisation plus souple des logiciels, facilitant le d\u00e9veloppement d&#039;applications personnalis\u00e9es bas\u00e9es sur une technologie sp\u00e9cifique (framework, langage, etc.) et utilisant l&#039;infrastructure n\u00e9cessaire, qui est, surtout, adapt\u00e9e \u00e0 l&#039;application d\u00e9velopp\u00e9e.<\/p>\t\t\t\t\t\t<\/div>\n\t\t\t\t<\/div>\n\t\t\t\t<div class=\"elementor-element elementor-element-ff081a5 elementor-widget__width-auto elementor-widget elementor-widget-button\" data-id=\"ff081a5\" data-element_type=\"widget\" data-widget_type=\"button.default\">\n\t\t\t\t<div class=\"elementor-widget-container\">\n\t\t\t\t\t<div class=\"elementor-button-wrapper\">\n\t\t\t<a class=\"elementor-button elementor-button-link elementor-size-sm\" href=\"#elementor-action%3Aaction%3Dpopup%3Aopen%26settings%3DeyJpZCI6IjgxMyIsInRvZ2dsZSI6ZmFsc2V9\">\n\t\t\t\t\t\t<span class=\"elementor-button-content-wrapper\">\n\t\t\t\t\t\t\t\t\t<span class=\"elementor-button-text\">Recevoir une proposition<\/span>\n\t\t\t\t\t<\/span>\n\t\t\t\t\t<\/a>\n\t\t<\/div>\n\t\t\t\t<\/div>\n\t\t\t\t<\/div>\n\t\t\t\t\t<\/div>\n\t\t<\/div>\n\t\t\t\t\t<\/div>\n\t\t<\/section>\n\t\t\t\t<section class=\"elementor-section elementor-top-section elementor-element elementor-element-cedaefa elementor-hidden-desktop elementor-hidden-tablet elementor-hidden-phone elementor-section-boxed elementor-section-height-default elementor-section-height-default\" data-id=\"cedaefa\" data-element_type=\"section\">\n\t\t\t\t\t\t<div class=\"elementor-container elementor-column-gap-default\">\n\t\t\t\t\t<div class=\"elementor-column elementor-col-100 elementor-top-column elementor-element elementor-element-dd8fcc1\" data-id=\"dd8fcc1\" data-element_type=\"column\">\n\t\t\t<div class=\"elementor-widget-wrap elementor-element-populated\">\n\t\t\t\t\t\t<div class=\"elementor-element elementor-element-c14efda elementor-widget elementor-widget-heading\" data-id=\"c14efda\" data-element_type=\"widget\" data-widget_type=\"heading.default\">\n\t\t\t\t<div class=\"elementor-widget-container\">\n\t\t\t<h1 class=\"elementor-heading-title elementor-size-default\">Cadres et langages<\/h1>\t\t<\/div>\n\t\t\t\t<\/div>\n\t\t\t\t\t<\/div>\n\t\t<\/div>\n\t\t\t\t\t<\/div>\n\t\t<\/section>\n\t\t\t\t<section class=\"elementor-section elementor-top-section elementor-element elementor-element-8b85dd2 elementor-section-height-min-height elementor-section-boxed elementor-section-height-default elementor-section-items-middle\" data-id=\"8b85dd2\" data-element_type=\"section\">\n\t\t\t\t\t\t<div class=\"elementor-container elementor-column-gap-default\">\n\t\t\t\t\t<div class=\"elementor-column elementor-col-100 elementor-top-column elementor-element elementor-element-7662ce3\" data-id=\"7662ce3\" data-element_type=\"column\">\n\t\t\t<div class=\"elementor-widget-wrap\">\n\t\t\t\t\t\t\t<\/div>\n\t\t<\/div>\n\t\t\t\t\t<\/div>\n\t\t<\/section>\n\t\t\t\t<section class=\"elementor-section elementor-top-section elementor-element elementor-element-d8d6c73 elementor-section-boxed elementor-section-height-default elementor-section-height-default\" data-id=\"d8d6c73\" data-element_type=\"section\">\n\t\t\t\t\t\t<div class=\"elementor-container elementor-column-gap-default\">\n\t\t\t\t\t<div class=\"elementor-column elementor-col-100 elementor-top-column elementor-element elementor-element-db04ca2\" data-id=\"db04ca2\" data-element_type=\"column\">\n\t\t\t<div class=\"elementor-widget-wrap elementor-element-populated\">\n\t\t\t\t\t\t<div class=\"elementor-element elementor-element-ebdb03d elementor-widget elementor-widget-heading\" data-id=\"ebdb03d\" data-element_type=\"widget\" data-widget_type=\"heading.default\">\n\t\t\t\t<div class=\"elementor-widget-container\">\n\t\t\t<h2 class=\"elementor-heading-title elementor-size-default\">Comment puis-je demander un devis ?<\/h2>\t\t<\/div>\n\t\t\t\t<\/div>\n\t\t\t\t<div class=\"elementor-element elementor-element-a725bd2 elementor-widget elementor-widget-text-editor\" data-id=\"a725bd2\" data-element_type=\"widget\" data-widget_type=\"text-editor.default\">\n\t\t\t\t<div class=\"elementor-widget-container\">\n\t\t\t\t\t\t\t<p class=\"p1\">Entamez une conversation avec notre \u00e9quipe et<br \/>recevoir une proposition.<\/p>\t\t\t\t\t\t<\/div>\n\t\t\t\t<\/div>\n\t\t\t\t<div class=\"elementor-element elementor-element-aca1549 elementor-align-center elementor-invisible elementor-widget elementor-widget-button\" data-id=\"aca1549\" data-element_type=\"widget\" data-settings=\"{&quot;_animation&quot;:&quot;bounceIn&quot;}\" data-widget_type=\"button.default\">\n\t\t\t\t<div class=\"elementor-widget-container\">\n\t\t\t\t\t<div class=\"elementor-button-wrapper\">\n\t\t\t<a class=\"elementor-button elementor-button-link elementor-size-sm\" href=\"#elementor-action%3Aaction%3Dpopup%3Aopen%26settings%3DeyJpZCI6IjgxMyIsInRvZ2dsZSI6ZmFsc2V9\">\n\t\t\t\t\t\t<span class=\"elementor-button-content-wrapper\">\n\t\t\t\t\t\t\t\t\t<span class=\"elementor-button-text\">je veux entrer en contact<\/span>\n\t\t\t\t\t<\/span>\n\t\t\t\t\t<\/a>\n\t\t<\/div>\n\t\t\t\t<\/div>\n\t\t\t\t<\/div>\n\t\t\t\t\t<\/div>\n\t\t<\/div>\n\t\t\t\t\t<\/div>\n\t\t<\/section>\n\t\t\t\t<\/div>","protected":false},"excerpt":{"rendered":"<p>Tecnologia para neg\u00f3cios Exponenciais no setor deTransportes, Turismo e Log\u00edstica. Utilize as melhores solu\u00e7\u00f5es para seu neg\u00f3cio Use a tecnologia para Aumento de receitas, Redu\u00e7\u00e3o de custos e escalabilidade Conte com Oreons IT\u00a0 na escolha da melhor estrat\u00e9gia para usar a tecnologia a favor do seu neg\u00f3cio.\u00a0 Conceitos SaaS \u2013 Software as a Service (Software [&hellip;]<\/p>\n","protected":false},"author":1,"featured_media":0,"parent":0,"menu_order":0,"comment_status":"closed","ping_status":"closed","template":"elementor_header_footer","meta":{"om_disable_all_campaigns":false,"_monsterinsights_skip_tracking":false,"_monsterinsights_sitenote_active":false,"_monsterinsights_sitenote_note":"","_monsterinsights_sitenote_category":0,"_joinchat":[],"footnotes":""},"class_list":["post-289","page","type-page","status-publish","hentry"],"aioseo_notices":[],"_links":{"self":[{"href":"https:\/\/oreons.com\/fr\/wp-json\/wp\/v2\/pages\/289"}],"collection":[{"href":"https:\/\/oreons.com\/fr\/wp-json\/wp\/v2\/pages"}],"about":[{"href":"https:\/\/oreons.com\/fr\/wp-json\/wp\/v2\/types\/page"}],"author":[{"embeddable":true,"href":"https:\/\/oreons.com\/fr\/wp-json\/wp\/v2\/users\/1"}],"replies":[{"embeddable":true,"href":"https:\/\/oreons.com\/fr\/wp-json\/wp\/v2\/comments?post=289"}],"version-history":[{"count":0,"href":"https:\/\/oreons.com\/fr\/wp-json\/wp\/v2\/pages\/289\/revisions"}],"wp:attachment":[{"href":"https:\/\/oreons.com\/fr\/wp-json\/wp\/v2\/media?parent=289"}],"curies":[{"name":"wp","href":"https:\/\/api.w.org\/{rel}","templated":true}]}}