{"id":3638,"date":"2025-06-24T14:43:24","date_gmt":"2025-06-24T17:43:24","guid":{"rendered":"https:\/\/oreons.com\/?page_id=3638"},"modified":"2025-07-29T11:37:51","modified_gmt":"2025-07-29T14:37:51","slug":"carreira","status":"publish","type":"page","link":"https:\/\/oreons.com\/es\/carreira\/","title":{"rendered":"Carrera"},"content":{"rendered":"<div data-elementor-type=\"wp-page\" data-elementor-id=\"3638\" class=\"elementor elementor-3638\" data-elementor-post-type=\"page\">\n\t\t\t\t\t\t<section class=\"elementor-section elementor-top-section elementor-element elementor-element-956d9f6 elementor-section-height-min-height elementor-section-boxed elementor-section-height-default elementor-section-items-middle elementor-invisible\" data-id=\"956d9f6\" data-element_type=\"section\" data-settings=\"{&quot;background_background&quot;:&quot;classic&quot;,&quot;animation&quot;:&quot;fadeIn&quot;}\">\n\t\t\t\t\t\t\t<div class=\"elementor-background-overlay\"><\/div>\n\t\t\t\t\t\t\t<div class=\"elementor-container elementor-column-gap-default\">\n\t\t\t\t\t<div class=\"elementor-column elementor-col-50 elementor-top-column elementor-element elementor-element-d52796d\" data-id=\"d52796d\" data-element_type=\"column\">\n\t\t\t<div class=\"elementor-widget-wrap elementor-element-populated\">\n\t\t\t\t\t\t<div class=\"elementor-element elementor-element-7a9cc84 elementor-widget elementor-widget-heading\" data-id=\"7a9cc84\" data-element_type=\"widget\" data-widget_type=\"heading.default\">\n\t\t\t\t<div class=\"elementor-widget-container\">\n\t\t\t<h1 class=\"elementor-heading-title elementor-size-default\">Carreras<\/h1>\t\t<\/div>\n\t\t\t\t<\/div>\n\t\t\t\t<div class=\"elementor-element elementor-element-9508742 elementor-widget elementor-widget-heading\" data-id=\"9508742\" data-element_type=\"widget\" data-widget_type=\"heading.default\">\n\t\t\t\t<div class=\"elementor-widget-container\">\n\t\t\t<h3 class=\"elementor-heading-title elementor-size-default\">\u00danete al equipo<\/h3>\t\t<\/div>\n\t\t\t\t<\/div>\n\t\t\t\t<div class=\"elementor-element elementor-element-6b157d5 elementor-mobile-align-left elementor-invisible elementor-widget elementor-widget-button\" data-id=\"6b157d5\" data-element_type=\"widget\" data-settings=\"{&quot;_animation&quot;:&quot;fadeInDown&quot;}\" data-widget_type=\"button.default\">\n\t\t\t\t<div class=\"elementor-widget-container\">\n\t\t\t\t\t<div class=\"elementor-button-wrapper\">\n\t\t\t<a class=\"elementor-button elementor-button-link elementor-size-sm\" href=\"#s1\">\n\t\t\t\t\t\t<span class=\"elementor-button-content-wrapper\">\n\t\t\t\t\t\t\t\t\t<span class=\"elementor-button-text\">M\u00e1s informaci\u00f3n<\/span>\n\t\t\t\t\t<\/span>\n\t\t\t\t\t<\/a>\n\t\t<\/div>\n\t\t\t\t<\/div>\n\t\t\t\t<\/div>\n\t\t\t\t\t<\/div>\n\t\t<\/div>\n\t\t\t\t<div class=\"elementor-column elementor-col-50 elementor-top-column elementor-element elementor-element-c8ca086\" data-id=\"c8ca086\" data-element_type=\"column\">\n\t\t\t<div class=\"elementor-widget-wrap\">\n\t\t\t\t\t\t\t<\/div>\n\t\t<\/div>\n\t\t\t\t\t<\/div>\n\t\t<\/section>\n\t\t\t\t<section class=\"elementor-section elementor-top-section elementor-element elementor-element-750c404 elementor-section-boxed elementor-section-height-default elementor-section-height-default\" data-id=\"750c404\" data-element_type=\"section\" data-settings=\"{&quot;background_background&quot;:&quot;classic&quot;}\">\n\t\t\t\t\t\t<div class=\"elementor-container elementor-column-gap-default\">\n\t\t\t\t\t<div class=\"elementor-column elementor-col-100 elementor-top-column elementor-element elementor-element-e1b00e0\" data-id=\"e1b00e0\" data-element_type=\"column\">\n\t\t\t<div class=\"elementor-widget-wrap elementor-element-populated\">\n\t\t\t\t\t\t<div class=\"elementor-element elementor-element-10ffc90 elementor-widget elementor-widget-heading\" data-id=\"10ffc90\" data-element_type=\"widget\" data-widget_type=\"heading.default\">\n\t\t\t\t<div class=\"elementor-widget-container\">\n\t\t\t<h2 class=\"elementor-heading-title elementor-size-default\">Encuentra el trabajo que buscas.<\/h2>\t\t<\/div>\n\t\t\t\t<\/div>\n\t\t\t\t<div class=\"elementor-element elementor-element-7316ab0 elementor-widget elementor-widget-text-editor\" data-id=\"7316ab0\" data-element_type=\"widget\" data-widget_type=\"text-editor.default\">\n\t\t\t\t<div class=\"elementor-widget-container\">\n\t\t\t\t\t\t\t<p>Si crees que puedes aportar con tus conocimientos y esfuerzo, env\u00edanos tu curr\u00edculum y cu\u00e9ntanos m\u00e1s sobre ti.<\/p>\t\t\t\t\t\t<\/div>\n\t\t\t\t<\/div>\n\t\t\t\t<div class=\"elementor-element elementor-element-6957e61 elementor-align-left elementor-widget elementor-widget-button\" data-id=\"6957e61\" data-element_type=\"widget\" data-widget_type=\"button.default\">\n\t\t\t\t<div class=\"elementor-widget-container\">\n\t\t\t\t\t<div class=\"elementor-button-wrapper\">\n\t\t\t<a class=\"elementor-button elementor-button-link elementor-size-sm\" href=\"#elementor-action%3Aaction%3Dpopup%3Aopen%26settings%3DeyJpZCI6Ijk1NSIsInRvZ2dsZSI6ZmFsc2V9\">\n\t\t\t\t\t\t<span class=\"elementor-button-content-wrapper\">\n\t\t\t\t\t\t\t\t\t<span class=\"elementor-button-text\">Registrar mi curr\u00edculum.<\/span>\n\t\t\t\t\t<\/span>\n\t\t\t\t\t<\/a>\n\t\t<\/div>\n\t\t\t\t<\/div>\n\t\t\t\t<\/div>\n\t\t\t\t\t<\/div>\n\t\t<\/div>\n\t\t\t\t\t<\/div>\n\t\t<\/section>\n\t\t\t\t<section class=\"elementor-section elementor-top-section elementor-element elementor-element-10767fb elementor-section-content-middle elementor-section-boxed elementor-section-height-default elementor-section-height-default\" data-id=\"10767fb\" data-element_type=\"section\">\n\t\t\t\t\t\t<div class=\"elementor-container elementor-column-gap-default\">\n\t\t\t\t\t<div class=\"elementor-column elementor-col-50 elementor-top-column elementor-element elementor-element-f0f47e8\" data-id=\"f0f47e8\" data-element_type=\"column\">\n\t\t\t<div class=\"elementor-widget-wrap elementor-element-populated\">\n\t\t\t\t\t\t<div class=\"elementor-element elementor-element-75a1892 elementor-widget elementor-widget-image\" data-id=\"75a1892\" data-element_type=\"widget\" data-widget_type=\"image.default\">\n\t\t\t\t<div class=\"elementor-widget-container\">\n\t\t\t\t\t\t\t\t\t\t\t\t\t<img fetchpriority=\"high\" decoding=\"async\" width=\"800\" height=\"533\" src=\"https:\/\/oreons.com\/wp-content\/uploads\/2021\/08\/equipe.jpg\" class=\"attachment-large size-large wp-image-642\" alt=\"\" srcset=\"https:\/\/oreons.com\/wp-content\/uploads\/2021\/08\/equipe.jpg 800w, https:\/\/oreons.com\/wp-content\/uploads\/2021\/08\/equipe-300x200.jpg 300w, https:\/\/oreons.com\/wp-content\/uploads\/2021\/08\/equipe-768x512.jpg 768w\" sizes=\"(max-width: 800px) 100vw, 800px\" \/>\t\t\t\t\t\t\t\t\t\t\t\t\t<\/div>\n\t\t\t\t<\/div>\n\t\t\t\t\t<\/div>\n\t\t<\/div>\n\t\t\t\t<div class=\"elementor-column elementor-col-50 elementor-top-column elementor-element elementor-element-09db751\" data-id=\"09db751\" data-element_type=\"column\">\n\t\t\t<div class=\"elementor-widget-wrap elementor-element-populated\">\n\t\t\t\t\t\t<div class=\"elementor-element elementor-element-949b97d elementor-widget elementor-widget-heading\" data-id=\"949b97d\" data-element_type=\"widget\" data-widget_type=\"heading.default\">\n\t\t\t\t<div class=\"elementor-widget-container\">\n\t\t\t<h3 class=\"elementor-heading-title elementor-size-default\">Cultura de la empresa<\/h3>\t\t<\/div>\n\t\t\t\t<\/div>\n\t\t\t\t<div class=\"elementor-element elementor-element-9950580 elementor-widget elementor-widget-text-editor\" data-id=\"9950580\" data-element_type=\"widget\" data-widget_type=\"text-editor.default\">\n\t\t\t\t<div class=\"elementor-widget-container\">\n\t\t\t\t\t\t\tAdem\u00e1s de las habilidades t\u00e9cnicas, valoramos la camarader\u00eda, el crecimiento y la alineaci\u00f3n de prop\u00f3sitos. La libertad y la responsabilidad van de la mano en nuestro equipo. Si disfrutas creando tecnolog\u00edas que ser\u00e1n utilizadas por millones de personas diariamente y que pueden transformar realidades, <strong class=\"text-gradient\">Te ofrecemos todas las oportunidades para que tomes la iniciativa en tu propio desarrollo.<\/strong>\t\t\t\t\t\t<\/div>\n\t\t\t\t<\/div>\n\t\t\t\t\t<\/div>\n\t\t<\/div>\n\t\t\t\t\t<\/div>\n\t\t<\/section>\n\t\t\t\t<section class=\"elementor-section elementor-top-section elementor-element elementor-element-6b2f676 elementor-section-boxed elementor-section-height-default elementor-section-height-default\" data-id=\"6b2f676\" data-element_type=\"section\">\n\t\t\t\t\t\t<div class=\"elementor-container elementor-column-gap-default\">\n\t\t\t\t\t<div class=\"elementor-column elementor-col-100 elementor-top-column elementor-element elementor-element-956eab4\" data-id=\"956eab4\" data-element_type=\"column\">\n\t\t\t<div class=\"elementor-widget-wrap elementor-element-populated\">\n\t\t\t\t\t\t<div class=\"elementor-element elementor-element-d0df565 elementor-widget elementor-widget-heading\" data-id=\"d0df565\" data-element_type=\"widget\" data-widget_type=\"heading.default\">\n\t\t\t\t<div class=\"elementor-widget-container\">\n\t\t\t<h2 class=\"elementor-heading-title elementor-size-default\">Blog de Oreg\u00f3n sobre tecnolog\u00eda e innovaci\u00f3n.<\/h2>\t\t<\/div>\n\t\t\t\t<\/div>\n\t\t\t\t<div class=\"elementor-element elementor-element-5fb6023 elementor-grid-4 elementor-grid-tablet-2 elementor-grid-mobile-1 elementor-posts--thumbnail-top load-more-align-center elementor-widget elementor-widget-posts\" data-id=\"5fb6023\" data-element_type=\"widget\" data-settings=\"{&quot;classic_columns&quot;:&quot;4&quot;,&quot;pagination_type&quot;:&quot;load_more_on_click&quot;,&quot;classic_row_gap&quot;:{&quot;unit&quot;:&quot;px&quot;,&quot;size&quot;:42,&quot;sizes&quot;:[]},&quot;classic_columns_tablet&quot;:&quot;2&quot;,&quot;classic_columns_mobile&quot;:&quot;1&quot;,&quot;classic_row_gap_tablet&quot;:{&quot;unit&quot;:&quot;px&quot;,&quot;size&quot;:&quot;&quot;,&quot;sizes&quot;:[]},&quot;classic_row_gap_mobile&quot;:{&quot;unit&quot;:&quot;px&quot;,&quot;size&quot;:&quot;&quot;,&quot;sizes&quot;:[]},&quot;load_more_spinner&quot;:{&quot;value&quot;:&quot;fas fa-spinner&quot;,&quot;library&quot;:&quot;fa-solid&quot;}}\" data-widget_type=\"posts.classic\">\n\t\t\t\t<div class=\"elementor-widget-container\">\n\t\t\t\t\t<div class=\"elementor-posts-container elementor-posts elementor-posts--skin-classic elementor-grid\">\n\t\t\t\t<article class=\"elementor-post elementor-grid-item post-3848 post type-post status-publish format-standard has-post-thumbnail hentry category-noticias-de-clientes\">\n\t\t\t\t<a class=\"elementor-post__thumbnail__link\" href=\"https:\/\/oreons.com\/es\/pevidor-transportes-nova-parceira-oreonsit\/\" tabindex=\"-1\" >\n\t\t\t<div class=\"elementor-post__thumbnail\"><img decoding=\"async\" width=\"300\" height=\"157\" src=\"https:\/\/oreons.com\/wp-content\/uploads\/2026\/02\/pevidor-novo-300x157.png\" class=\"attachment-medium size-medium wp-image-3849\" alt=\"\" srcset=\"https:\/\/oreons.com\/wp-content\/uploads\/2026\/02\/pevidor-novo-300x157.png 300w, https:\/\/oreons.com\/wp-content\/uploads\/2026\/02\/pevidor-novo-1024x535.png 1024w, https:\/\/oreons.com\/wp-content\/uploads\/2026\/02\/pevidor-novo-768x401.png 768w, https:\/\/oreons.com\/wp-content\/uploads\/2026\/02\/pevidor-novo-1536x803.png 1536w, https:\/\/oreons.com\/wp-content\/uploads\/2026\/02\/pevidor-novo-2048x1070.png 2048w\" sizes=\"(max-width: 300px) 100vw, 300px\" \/><\/div>\n\t\t<\/a>\n\t\t\t\t<div class=\"elementor-post__text\">\n\t\t\t\t<h3 class=\"elementor-post__title\">\n\t\t\t<a href=\"https:\/\/oreons.com\/es\/pevidor-transportes-nova-parceira-oreonsit\/\" >\n\t\t\t\tPevidor Transportes \u2013 nuevo socio de OreonsIT\t\t\t<\/a>\n\t\t<\/h3>\n\t\t\t\t<\/div>\n\t\t\t\t<\/article>\n\t\t\t\t<article class=\"elementor-post elementor-grid-item post-3839 post type-post status-publish format-standard has-post-thumbnail hentry category-cases category-inovacao category-noticias-de-clientes category-tecnologia\">\n\t\t\t\t<a class=\"elementor-post__thumbnail__link\" href=\"https:\/\/oreons.com\/es\/nova-itapemirim-parceira\/\" tabindex=\"-1\" >\n\t\t\t<div class=\"elementor-post__thumbnail\"><img decoding=\"async\" width=\"300\" height=\"157\" src=\"https:\/\/oreons.com\/wp-content\/uploads\/2025\/12\/nova-itapemirim-novo-300x157.png\" class=\"attachment-medium size-medium wp-image-3840\" alt=\"\" srcset=\"https:\/\/oreons.com\/wp-content\/uploads\/2025\/12\/nova-itapemirim-novo-300x157.png 300w, https:\/\/oreons.com\/wp-content\/uploads\/2025\/12\/nova-itapemirim-novo-1024x535.png 1024w, https:\/\/oreons.com\/wp-content\/uploads\/2025\/12\/nova-itapemirim-novo-768x401.png 768w, https:\/\/oreons.com\/wp-content\/uploads\/2025\/12\/nova-itapemirim-novo-1536x803.png 1536w, https:\/\/oreons.com\/wp-content\/uploads\/2025\/12\/nova-itapemirim-novo-2048x1070.png 2048w\" sizes=\"(max-width: 300px) 100vw, 300px\" \/><\/div>\n\t\t<\/a>\n\t\t\t\t<div class=\"elementor-post__text\">\n\t\t\t\t<h3 class=\"elementor-post__title\">\n\t\t\t<a href=\"https:\/\/oreons.com\/es\/nova-itapemirim-parceira\/\" >\n\t\t\t\tNuevo socio de Itapemirim\t\t\t<\/a>\n\t\t<\/h3>\n\t\t\t\t<\/div>\n\t\t\t\t<\/article>\n\t\t\t\t<article class=\"elementor-post elementor-grid-item post-3834 post type-post status-publish format-standard has-post-thumbnail hentry category-cases category-inovacao category-noticias-de-clientes category-tecnologia\">\n\t\t\t\t<a class=\"elementor-post__thumbnail__link\" href=\"https:\/\/oreons.com\/es\/viacao-mactur-mais-uma-grande-parceria\/\" tabindex=\"-1\" >\n\t\t\t<div class=\"elementor-post__thumbnail\"><img loading=\"lazy\" decoding=\"async\" width=\"300\" height=\"157\" src=\"https:\/\/oreons.com\/wp-content\/uploads\/2025\/11\/mactur-novo-cliente-300x157.png\" class=\"attachment-medium size-medium wp-image-3835\" alt=\"\" srcset=\"https:\/\/oreons.com\/wp-content\/uploads\/2025\/11\/mactur-novo-cliente-300x157.png 300w, https:\/\/oreons.com\/wp-content\/uploads\/2025\/11\/mactur-novo-cliente-1024x535.png 1024w, https:\/\/oreons.com\/wp-content\/uploads\/2025\/11\/mactur-novo-cliente-768x401.png 768w, https:\/\/oreons.com\/wp-content\/uploads\/2025\/11\/mactur-novo-cliente-1536x803.png 1536w, https:\/\/oreons.com\/wp-content\/uploads\/2025\/11\/mactur-novo-cliente-2048x1070.png 2048w\" sizes=\"(max-width: 300px) 100vw, 300px\" \/><\/div>\n\t\t<\/a>\n\t\t\t\t<div class=\"elementor-post__text\">\n\t\t\t\t<h3 class=\"elementor-post__title\">\n\t\t\t<a href=\"https:\/\/oreons.com\/es\/viacao-mactur-mais-uma-grande-parceria\/\" >\n\t\t\t\tCompa\u00f1\u00eda de Autobuses Mactur, otra gran alianza.\t\t\t<\/a>\n\t\t<\/h3>\n\t\t\t\t<\/div>\n\t\t\t\t<\/article>\n\t\t\t\t<article class=\"elementor-post elementor-grid-item post-3827 post type-post status-publish format-standard has-post-thumbnail hentry category-cases category-noticias-de-clientes\">\n\t\t\t\t<a class=\"elementor-post__thumbnail__link\" href=\"https:\/\/oreons.com\/es\/viacao-brasil-bus-viagens-nova-parceira-orens-it\/\" tabindex=\"-1\" >\n\t\t\t<div class=\"elementor-post__thumbnail\"><img loading=\"lazy\" decoding=\"async\" width=\"300\" height=\"157\" src=\"https:\/\/oreons.com\/wp-content\/uploads\/2025\/11\/brasilbus-novo-300x157.png\" class=\"attachment-medium size-medium wp-image-3828\" alt=\"\" srcset=\"https:\/\/oreons.com\/wp-content\/uploads\/2025\/11\/brasilbus-novo-300x157.png 300w, https:\/\/oreons.com\/wp-content\/uploads\/2025\/11\/brasilbus-novo-1024x535.png 1024w, https:\/\/oreons.com\/wp-content\/uploads\/2025\/11\/brasilbus-novo-768x401.png 768w, https:\/\/oreons.com\/wp-content\/uploads\/2025\/11\/brasilbus-novo-1536x803.png 1536w, https:\/\/oreons.com\/wp-content\/uploads\/2025\/11\/brasilbus-novo-2048x1070.png 2048w\" sizes=\"(max-width: 300px) 100vw, 300px\" \/><\/div>\n\t\t<\/a>\n\t\t\t\t<div class=\"elementor-post__text\">\n\t\t\t\t<h3 class=\"elementor-post__title\">\n\t\t\t<a href=\"https:\/\/oreons.com\/es\/viacao-brasil-bus-viagens-nova-parceira-orens-it\/\" >\n\t\t\t\tBrasil Bus Viagens, nuevo socio de Oreons IT.\t\t\t<\/a>\n\t\t<\/h3>\n\t\t\t\t<\/div>\n\t\t\t\t<\/article>\n\t\t\t\t<\/div>\n\t\t\t\t\t<span class=\"e-load-more-spinner\">\n\t\t\t\t<i aria-hidden=\"true\" class=\"fas fa-spinner\"><\/i>\t\t\t<\/span>\n\t\t\n\t\t\t\t<div class=\"e-load-more-anchor\" data-page=\"1\" data-max-page=\"2\" data-next-page=\"https:\/\/oreons.com\/wp-json\/wp\/v2\/pages\/3638\/page\/2\/\"><\/div>\n\t\t\t\t<div class=\"elementor-button-wrapper\">\n\t\t\t<a href=\"#\" class=\"elementor-button-link elementor-button\" role=\"button\">\n\t\t\t\t\t\t<span class=\"elementor-button-content-wrapper\">\n\t\t\t\t\t\t\t\t\t<span class=\"elementor-button-text\">Ver m\u00e1s art\u00edculos<\/span>\n\t\t\t\t\t<\/span>\n\t\t\t\t\t<\/a>\n\t\t<\/div>\n\t\t\t\t<div class=\"e-load-more-message\"><\/div>\n\t\t\t\t<\/div>\n\t\t\t\t<\/div>\n\t\t\t\t\t<\/div>\n\t\t<\/div>\n\t\t\t\t\t<\/div>\n\t\t<\/section>\n\t\t\t\t<\/div>","protected":false},"excerpt":{"rendered":"<p>Carreiras Fa\u00e7a parte do time Saiba Mais Encontre a sua vaga que deseja. Se voc\u00ea acredita que pode contribuir com seu conhecimento e esfor\u00e7o, envie<\/p>","protected":false},"author":1,"featured_media":0,"parent":0,"menu_order":0,"comment_status":"closed","ping_status":"closed","template":"elementor_header_footer","meta":{"om_disable_all_campaigns":false,"_monsterinsights_skip_tracking":false,"_monsterinsights_sitenote_active":false,"_monsterinsights_sitenote_note":"","_monsterinsights_sitenote_category":0,"_joinchat":[],"footnotes":""},"class_list":["post-3638","page","type-page","status-publish","hentry"],"aioseo_notices":[],"_links":{"self":[{"href":"https:\/\/oreons.com\/es\/wp-json\/wp\/v2\/pages\/3638"}],"collection":[{"href":"https:\/\/oreons.com\/es\/wp-json\/wp\/v2\/pages"}],"about":[{"href":"https:\/\/oreons.com\/es\/wp-json\/wp\/v2\/types\/page"}],"author":[{"embeddable":true,"href":"https:\/\/oreons.com\/es\/wp-json\/wp\/v2\/users\/1"}],"replies":[{"embeddable":true,"href":"https:\/\/oreons.com\/es\/wp-json\/wp\/v2\/comments?post=3638"}],"version-history":[{"count":7,"href":"https:\/\/oreons.com\/es\/wp-json\/wp\/v2\/pages\/3638\/revisions"}],"predecessor-version":[{"id":3742,"href":"https:\/\/oreons.com\/es\/wp-json\/wp\/v2\/pages\/3638\/revisions\/3742"}],"wp:attachment":[{"href":"https:\/\/oreons.com\/es\/wp-json\/wp\/v2\/media?parent=3638"}],"curies":[{"name":"wp","href":"https:\/\/api.w.org\/{rel}","templated":true}]}}